{"id":33207,"date":"2026-02-06T11:02:26","date_gmt":"2026-02-06T11:02:26","guid":{"rendered":"https:\/\/rezidenca.al\/product\/listing-%f0%9f%92%8epo-kerkon-nje-biznes-prestigjioz-ne-zonen-me-in-te-tiranes%f0%9f%92%8e-id-33205\/"},"modified":"2026-02-06T11:02:26","modified_gmt":"2026-02-06T11:02:26","slug":"listing-%f0%9f%92%8epo-kerkon-nje-biznes-prestigjioz-ne-zonen-me-in-te-tiranes%f0%9f%92%8e-id-33205","status":"publish","type":"product","link":"https:\/\/rezidenca.al\/sq\/produkt\/listing-%f0%9f%92%8epo-kerkon-nje-biznes-prestigjioz-ne-zonen-me-in-te-tiranes%f0%9f%92%8e-id-33205\/","title":{"rendered":"Listing: \ud83d\udc8ePo k\u00ebrkon nj\u00eb biznes prestigjioz n\u00eb zon\u00ebn m\u00eb IN t\u00eb Tiran\u00ebs?\ud83d\udc8e (ID: 33205)"},"content":{"rendered":"","protected":false},"excerpt":{"rendered":"","protected":false},"featured_media":0,"comment_status":"open","ping_status":"closed","template":"","meta":{"_acf_changed":false},"product_brand":[],"product_cat":[193],"product_tag":[],"class_list":{"0":"post-33207","1":"product","2":"type-product","3":"status-publish","5":"product_cat-uncategorized","7":"first","8":"instock","9":"virtual","10":"purchasable","11":"product-type-simple"},"acf":[],"a3_pvc":{"activated":false,"total_views":0,"today_views":0},"_links":{"self":[{"href":"https:\/\/rezidenca.al\/sq\/wp-json\/wp\/v2\/product\/33207","targetHints":{"allow":["GET"]}}],"collection":[{"href":"https:\/\/rezidenca.al\/sq\/wp-json\/wp\/v2\/product"}],"about":[{"href":"https:\/\/rezidenca.al\/sq\/wp-json\/wp\/v2\/types\/product"}],"replies":[{"embeddable":true,"href":"https:\/\/rezidenca.al\/sq\/wp-json\/wp\/v2\/comments?post=33207"}],"wp:attachment":[{"href":"https:\/\/rezidenca.al\/sq\/wp-json\/wp\/v2\/media?parent=33207"}],"wp:term":[{"taxonomy":"product_brand","embeddable":true,"href":"https:\/\/rezidenca.al\/sq\/wp-json\/wp\/v2\/product_brand?post=33207"},{"taxonomy":"product_cat","embeddable":true,"href":"https:\/\/rezidenca.al\/sq\/wp-json\/wp\/v2\/product_cat?post=33207"},{"taxonomy":"product_tag","embeddable":true,"href":"https:\/\/rezidenca.al\/sq\/wp-json\/wp\/v2\/product_tag?post=33207"}],"curies":[{"name":"wp","href":"https:\/\/api.w.org\/{rel}","templated":true}]}}